{"id":894,"date":"2021-11-03T16:02:23","date_gmt":"2021-11-03T15:02:23","guid":{"rendered":"https:\/\/journeedesfatigues.fr\/?page_id=894"},"modified":"2021-11-03T16:06:43","modified_gmt":"2021-11-03T15:06:43","slug":"la-fatigue-en-images","status":"publish","type":"page","link":"https:\/\/journeedesfatigues.fr\/index.php\/la-fatigue-en-images\/","title":{"rendered":"La fatigue en images"},"content":{"rendered":"\n<p>Le groupe organisateur remercie tr\u00e8s vivement Pozla pour son dessin \u00e0 l\u2019occasion de la journ\u00e9e des fatigues.<\/p>\n\n\n\n<div class=\"wp-block-image\"><figure class=\"aligncenter size-large is-resized\"><img loading=\"lazy\" decoding=\"async\" src=\"https:\/\/journeedesfatigues.fr\/wp-content\/uploads\/2021\/11\/pozla-724x1024.jpg\" alt=\"\" class=\"wp-image-898\" width=\"724\" height=\"1024\" srcset=\"https:\/\/journeedesfatigues.fr\/wp-content\/uploads\/2021\/11\/pozla-724x1024.jpg 724w, https:\/\/journeedesfatigues.fr\/wp-content\/uploads\/2021\/11\/pozla-212x300.jpg 212w, https:\/\/journeedesfatigues.fr\/wp-content\/uploads\/2021\/11\/pozla-768x1086.jpg 768w, https:\/\/journeedesfatigues.fr\/wp-content\/uploads\/2021\/11\/pozla-1086x1536.jpg 1086w, https:\/\/journeedesfatigues.fr\/wp-content\/uploads\/2021\/11\/pozla-1448x2048.jpg 1448w, https:\/\/journeedesfatigues.fr\/wp-content\/uploads\/2021\/11\/pozla-scaled.jpg 1810w\" sizes=\"auto, (max-width: 724px) 100vw, 724px\" \/><\/figure><\/div>\n\n\n\n<p>Nos remerciements \u00e9galement \u00e0 Olivier Balez.<\/p>\n\n\n\n<div class=\"wp-block-image\"><figure class=\"aligncenter size-full is-resized\"><img loading=\"lazy\" decoding=\"async\" src=\"https:\/\/journeedesfatigues.fr\/wp-content\/uploads\/2021\/11\/olivierB.jpg\" alt=\"\" class=\"wp-image-899\" width=\"650\" height=\"650\" srcset=\"https:\/\/journeedesfatigues.fr\/wp-content\/uploads\/2021\/11\/olivierB.jpg 1299w, https:\/\/journeedesfatigues.fr\/wp-content\/uploads\/2021\/11\/olivierB-300x300.jpg 300w, https:\/\/journeedesfatigues.fr\/wp-content\/uploads\/2021\/11\/olivierB-1024x1024.jpg 1024w, https:\/\/journeedesfatigues.fr\/wp-content\/uploads\/2021\/11\/olivierB-150x150.jpg 150w, https:\/\/journeedesfatigues.fr\/wp-content\/uploads\/2021\/11\/olivierB-768x768.jpg 768w, https:\/\/journeedesfatigues.fr\/wp-content\/uploads\/2021\/11\/olivierB-365x365.jpg 365w, https:\/\/journeedesfatigues.fr\/wp-content\/uploads\/2021\/11\/olivierB-500x500.jpg 500w\" sizes=\"auto, (max-width: 650px) 100vw, 650px\" \/><\/figure><\/div>\n\n\n\n<p>Ces dessins ont \u00e9t\u00e9 recueillies via les associations co-organisatrices de la journ\u00e9e des fatigues, pour usage exclusif dans le cadre de cet \u00e9v\u00e9nement. Merci de respecter les r\u00e8gles du droit d\u2019auteur.<br><br>Merci \u00e9galement aux \u00e9l\u00e8ves de la classe de CM2 qui nous ont remis leurs dessins, et \u00e0 leur professeur pour leur avoir propos\u00e9 cet atelier.<\/p>\n\n\n<a href=\"https:\/\/journeedesfatigues.fr\/wp-content\/uploads\/2021\/11\/Fatigues-en-images.pdf\" class=\"pdfemb-viewer\" style=\"\" data-width=\"max\" data-height=\"max\" data-toolbar=\"bottom\" data-toolbar-fixed=\"off\">Fatigues-en-images<\/a>\n<p class=\"wp-block-pdfemb-pdf-embedder-viewer\"><\/p>\n","protected":false},"excerpt":{"rendered":"<p>Le groupe organisateur remercie tr\u00e8s vivement Pozla pour son dessin \u00e0 l\u2019occasion de la journ\u00e9e des fatigues. Nos remerciements \u00e9galement \u00e0 Olivier Balez. Ces dessins ont \u00e9t\u00e9 recueillies via les associations co-organisatrices de la journ\u00e9e des fatigues, pour usage exclusif dans le cadre de cet \u00e9v\u00e9nement. Merci de respecter les r\u00e8gles du droit d\u2019auteur. Merci [&hellip;]<\/p>\n","protected":false},"author":2,"featured_media":0,"parent":0,"menu_order":0,"comment_status":"closed","ping_status":"closed","template":"","meta":{"footnotes":""},"class_list":["post-894","page","type-page","status-publish","hentry"],"_links":{"self":[{"href":"https:\/\/journeedesfatigues.fr\/index.php\/wp-json\/wp\/v2\/pages\/894","targetHints":{"allow":["GET"]}}],"collection":[{"href":"https:\/\/journeedesfatigues.fr\/index.php\/wp-json\/wp\/v2\/pages"}],"about":[{"href":"https:\/\/journeedesfatigues.fr\/index.php\/wp-json\/wp\/v2\/types\/page"}],"author":[{"embeddable":true,"href":"https:\/\/journeedesfatigues.fr\/index.php\/wp-json\/wp\/v2\/users\/2"}],"replies":[{"embeddable":true,"href":"https:\/\/journeedesfatigues.fr\/index.php\/wp-json\/wp\/v2\/comments?post=894"}],"version-history":[{"count":2,"href":"https:\/\/journeedesfatigues.fr\/index.php\/wp-json\/wp\/v2\/pages\/894\/revisions"}],"predecessor-version":[{"id":900,"href":"https:\/\/journeedesfatigues.fr\/index.php\/wp-json\/wp\/v2\/pages\/894\/revisions\/900"}],"wp:attachment":[{"href":"https:\/\/journeedesfatigues.fr\/index.php\/wp-json\/wp\/v2\/media?parent=894"}],"curies":[{"name":"wp","href":"https:\/\/api.w.org\/{rel}","templated":true}]}}