{"id":2,"date":"2021-07-22T16:23:41","date_gmt":"2021-07-22T14:23:41","guid":{"rendered":"http:\/\/journeedesfatigues.fr\/?page_id=2"},"modified":"2021-10-24T10:10:15","modified_gmt":"2021-10-24T08:10:15","slug":"objectif","status":"publish","type":"page","link":"https:\/\/journeedesfatigues.fr\/index.php\/objectif\/","title":{"rendered":"Objectifs"},"content":{"rendered":"\n<div class=\"wp-block-columns is-layout-flex wp-container-core-columns-is-layout-9d6595d7 wp-block-columns-is-layout-flex\">\n<div class=\"wp-block-column is-layout-flow wp-block-column-is-layout-flow\" style=\"flex-basis:66.66%\">\n<div class=\"wp-block-media-text alignwide is-stacked-on-mobile is-vertically-aligned-center\" style=\"grid-template-columns:40% auto\"><figure class=\"wp-block-media-text__media\"><img loading=\"lazy\" decoding=\"async\" width=\"596\" height=\"714\" src=\"https:\/\/journeedesfatigues.fr\/wp-content\/uploads\/2021\/10\/escargot.jpg\" alt=\"\" class=\"wp-image-783 size-full\" srcset=\"https:\/\/journeedesfatigues.fr\/wp-content\/uploads\/2021\/10\/escargot.jpg 596w, https:\/\/journeedesfatigues.fr\/wp-content\/uploads\/2021\/10\/escargot-250x300.jpg 250w\" sizes=\"auto, (max-width: 596px) 100vw, 596px\" \/><\/figure><div class=\"wp-block-media-text__content\">\n<p>La journ\u00e9e des fatigues se veut un v\u00e9ritable espace d\u2019\u00e9changes d\u2019exp\u00e9riences autour de la fatigue entre malades, aidants, malades-experts, experts, chercheurs, m\u00e9decins, et plus largement toute personne concern\u00e9e par la fatigue, quels qu\u2019en soient l\u2019intensit\u00e9 et le retentissement.<\/p>\n\n\n\n<ul class=\"wp-block-list\"><li><span style=\"color:#ff8800\" class=\"has-inline-color\">SENSIBILISER<\/span><strong> <\/strong>les proches, les aidants, le grand public, les soignants, l\u2019administration ;<\/li><li><span style=\"color:#ff8800\" class=\"has-inline-color\">PROGRESSER<\/span><strong> <\/strong>enfin dans la d\u00e9finition, l\u2019\u00e9valuation et la prise en charge de la fatigue, gr\u00e2ce au dialogue entre experts et malades-experts ;<\/li><li><span style=\"color:#ff8800\" class=\"has-inline-color\">RASSEMBLER<\/span> en soutien \u00e0 tous les fatigu\u00e9s ;<\/li><li>et <span style=\"color:#ff8800\" class=\"has-inline-color\">PLAIDER<\/span> aupr\u00e8s des autorit\u00e9s sanitaires en faveur du droit \u00e0 la fatigue pour tous !<\/li><\/ul>\n<\/div><\/div>\n<\/div>\n\n\n\n<div class=\"wp-block-column is-layout-flow wp-block-column-is-layout-flow\" style=\"flex-basis:30%\">\n<div class=\"wp-block-image\"><figure class=\"aligncenter size-full is-resized\"><img loading=\"lazy\" decoding=\"async\" src=\"https:\/\/journeedesfatigues.fr\/wp-content\/uploads\/2021\/08\/LOGO-JFatigues-quadri.png\" alt=\"\" class=\"wp-image-114\" width=\"200\" height=\"95\" srcset=\"https:\/\/journeedesfatigues.fr\/wp-content\/uploads\/2021\/08\/LOGO-JFatigues-quadri.png 798w, https:\/\/journeedesfatigues.fr\/wp-content\/uploads\/2021\/08\/LOGO-JFatigues-quadri-300x142.png 300w, https:\/\/journeedesfatigues.fr\/wp-content\/uploads\/2021\/08\/LOGO-JFatigues-quadri-768x364.png 768w\" sizes=\"auto, (max-width: 200px) 100vw, 200px\" \/><figcaption><br><a rel=\"noreferrer noopener\" href=\"https:\/\/journeedesfatigues.fr\/wp-content\/uploads\/2021\/08\/lettre-a%CC%80-ma-fatigue.pdf\" data-type=\"URL\" data-id=\"https:\/\/journeedesfatigues.fr\/wp-content\/uploads\/2021\/08\/lettre-a%CC%80-ma-fatigue.pdf\" target=\"_blank\"><img loading=\"lazy\" decoding=\"async\" src=\"https:\/\/journeedesfatigues.fr\/wp-content\/uploads\/2021\/10\/lettre.jpg\" alt=\"\" width=\"200\" height=\"200\"><\/a><\/figcaption><\/figure><\/div>\n\n\n\n<p class=\"has-text-align-center\"><strong>Pour participer : <a href=\"mailto:fatigue@journeedesfatigues.fr\" data-type=\"mailto\" data-id=\"mailto:fatigue@journeedesfatigues.fr\" target=\"_blank\" rel=\"noreferrer noopener\">\u00e9crivez-nous !<\/a><\/strong><\/p>\n\n\n\n<div style=\"height:20px\" aria-hidden=\"true\" class=\"wp-block-spacer\"><\/div>\n\n\n\n<ul class=\"wp-block-social-links aligncenter items-justified-center is-layout-flex wp-block-social-links-is-layout-flex\"><li class=\"wp-social-link wp-social-link-youtube  wp-block-social-link\"><a href=\"https:\/\/www.youtube.com\/channel\/UCx3r09iGLaaJ02FXtufRLng\" class=\"wp-block-social-link-anchor\"><svg width=\"24\" height=\"24\" viewBox=\"0 0 24 24\" version=\"1.1\" xmlns=\"http:\/\/www.w3.org\/2000\/svg\" aria-hidden=\"true\" focusable=\"false\"><path d=\"M21.8,8.001c0,0-0.195-1.378-0.795-1.985c-0.76-0.797-1.613-0.801-2.004-0.847c-2.799-0.202-6.997-0.202-6.997-0.202 h-0.009c0,0-4.198,0-6.997,0.202C4.608,5.216,3.756,5.22,2.995,6.016C2.395,6.623,2.2,8.001,2.2,8.001S2,9.62,2,11.238v1.517 c0,1.618,0.2,3.237,0.2,3.237s0.195,1.378,0.795,1.985c0.761,0.797,1.76,0.771,2.205,0.855c1.6,0.153,6.8,0.201,6.8,0.201 s4.203-0.006,7.001-0.209c0.391-0.047,1.243-0.051,2.004-0.847c0.6-0.607,0.795-1.985,0.795-1.985s0.2-1.618,0.2-3.237v-1.517 C22,9.62,21.8,8.001,21.8,8.001z M9.935,14.594l-0.001-5.62l5.404,2.82L9.935,14.594z\"><\/path><\/svg><span class=\"wp-block-social-link-label screen-reader-text\">ha\u00eene YouTube  Journ\u00e9e des fatigues<\/span><\/a><\/li><\/ul>\n\n\n\n<p class=\"has-text-align-center\"><strong><a href=\"https:\/\/www.youtube.com\/channel\/UCx3r09iGLaaJ02FXtufRLng\" data-type=\"URL\" data-id=\"https:\/\/www.youtube.com\/channel\/UCx3r09iGLaaJ02FXtufRLng\" target=\"_blank\" rel=\"noreferrer noopener\">Cha\u00eene YouTube <\/a><\/strong><br><strong><a href=\"https:\/\/www.youtube.com\/channel\/UCx3r09iGLaaJ02FXtufRLng\" data-type=\"URL\" data-id=\"https:\/\/www.youtube.com\/channel\/UCx3r09iGLaaJ02FXtufRLng\" target=\"_blank\" rel=\"noreferrer noopener\">Journ\u00e9e des fatigues<\/a><\/strong><\/p>\n\n\n\n<div style=\"height:20px\" aria-hidden=\"true\" class=\"wp-block-spacer\"><\/div>\n\n\n\n<div class=\"wp-block-columns is-layout-flex wp-container-core-columns-is-layout-9d6595d7 wp-block-columns-is-layout-flex\">\n<div class=\"wp-block-column is-layout-flow wp-block-column-is-layout-flow\" style=\"flex-basis:35px\"><\/div>\n\n\n\n<div class=\"wp-block-column is-layout-flow wp-block-column-is-layout-flow\" style=\"flex-basis:65px\"><div class=\"widget widget_easy_facebook_like_box\"><div class=\"widget-text easy-facebook-like-box_box\"><div id=\"fb-root\"><\/div>\r\n          <script>(function(d, s, id) {\r\n            var js, fjs = d.getElementsByTagName(s)[0];\r\n            if (d.getElementById(id)) return;\r\n            js = d.createElement(s); js.id = id;\r\n            js.src = \"\/\/connect.facebook.net\/en_US\/sdk.js#xfbml=1&version=v2.10\";\r\n            fjs.parentNode.insertBefore(js, fjs);\r\n          }(document, \"script\", \"facebook-jssdk\"));<\/script><div class=\"fb-page\" data-href=\"https:\/\/www.facebook.com\/JourneedesFatigues\" data-width=\"250\" data-height=\"\" data-hide-cover=\"false\" data-tabs=\"timeline, events, message\" data-small-header=\"true\" data-hide-cta=\"false\" data-adapt-container-width=\"false\" data-show-facepile=\"false\"><blockquote cite=\"https:\/\/www.facebook.com\/facebook\" class=\"fb-xfbml-parse-ignore\"><a href=\"https:\/\/www.facebook.com\/facebook\">Facebook<\/a><\/blockquote><\/div><\/div><\/div><\/div>\n<\/div>\n<\/div>\n<\/div>\n","protected":false},"excerpt":{"rendered":"<p>La journ\u00e9e des fatigues se veut un v\u00e9ritable espace d\u2019\u00e9changes d\u2019exp\u00e9riences autour de la fatigue entre malades, aidants, malades-experts, experts, chercheurs, m\u00e9decins, et plus largement toute personne concern\u00e9e par la fatigue, quels qu\u2019en soient l\u2019intensit\u00e9 et le retentissement. SENSIBILISER les proches, les aidants, le grand public, les soignants, l\u2019administration ; PROGRESSER enfin dans la d\u00e9finition, [&hellip;]<\/p>\n","protected":false},"author":2,"featured_media":0,"parent":0,"menu_order":0,"comment_status":"closed","ping_status":"open","template":"template-full.php","meta":{"footnotes":""},"class_list":["post-2","page","type-page","status-publish","hentry"],"_links":{"self":[{"href":"https:\/\/journeedesfatigues.fr\/index.php\/wp-json\/wp\/v2\/pages\/2","targetHints":{"allow":["GET"]}}],"collection":[{"href":"https:\/\/journeedesfatigues.fr\/index.php\/wp-json\/wp\/v2\/pages"}],"about":[{"href":"https:\/\/journeedesfatigues.fr\/index.php\/wp-json\/wp\/v2\/types\/page"}],"author":[{"embeddable":true,"href":"https:\/\/journeedesfatigues.fr\/index.php\/wp-json\/wp\/v2\/users\/2"}],"replies":[{"embeddable":true,"href":"https:\/\/journeedesfatigues.fr\/index.php\/wp-json\/wp\/v2\/comments?post=2"}],"version-history":[{"count":36,"href":"https:\/\/journeedesfatigues.fr\/index.php\/wp-json\/wp\/v2\/pages\/2\/revisions"}],"predecessor-version":[{"id":809,"href":"https:\/\/journeedesfatigues.fr\/index.php\/wp-json\/wp\/v2\/pages\/2\/revisions\/809"}],"wp:attachment":[{"href":"https:\/\/journeedesfatigues.fr\/index.php\/wp-json\/wp\/v2\/media?parent=2"}],"curies":[{"name":"wp","href":"https:\/\/api.w.org\/{rel}","templated":true}]}}